{"id":23,"date":"2019-11-12T13:53:25","date_gmt":"2019-11-12T13:53:25","guid":{"rendered":"https:\/\/madereriamatrisa.com\/index.php\/about\/"},"modified":"2026-03-04T00:46:17","modified_gmt":"2026-03-04T00:46:17","slug":"about","status":"publish","type":"page","link":"https:\/\/madereriamatrisa.com\/index.php\/about\/","title":{"rendered":"\u00bfQui\u00e9nes somos?"},"content":{"rendered":"<!--themify_builder_content-->\n<div id=\"themify_builder_content-23\" data-postid=\"23\" class=\"themify_builder_content themify_builder_content-23 themify_builder tf_clear\">\n                    <div  data-lazy=\"1\" class=\"module_row themify_builder_row tb_0are602 tb_first tf_w\">\n            <span class=\"builder_row_cover tf_abs\"><\/span>            <div class=\"row_inner col_align_top tb_col_count_2 tf_box tf_rel\">\n                        <div  data-lazy=\"1\" class=\"module_column tb-column col3-2 tb_g7y7603 first\">\n                    <!-- module text -->\n<div  class=\"module module-text tb_ka8q603   \" data-lazy=\"1\">\n        <div  class=\"tb_text_wrap\">\n        <h1>\u00bfQui\u00e9nes somos?<\/h1>\n    <\/div>\n<\/div>\n<!-- \/module text -->        <\/div>\n                    <div  data-lazy=\"1\" class=\"module_column tb-column col3-1 tb_lzlm604 last\">\n                            <\/div>\n                        <\/div>\n        <\/div>\n                        <div  data-lazy=\"1\" class=\"module_row themify_builder_row tb_8tv2756 tf_w\">\n                        <div class=\"row_inner col_align_top tb_col_count_2 tf_box tf_rel\">\n                        <div  data-lazy=\"1\" class=\"module_column tb-column col4-2 tb_6zb1758 first\">\n                    <!-- module image -->\n<div  class=\"module module-image tb_z94h409 image-center   tf_mw\" data-lazy=\"1\">\n        <div class=\"image-wrap tf_rel tf_mw\">\n            <img loading=\"lazy\" decoding=\"async\" width=\"445\" height=\"401\" src=\"https:\/\/madereriamatrisa.com\/wp-content\/uploads\/2024\/11\/quienes-somos.jpg\" class=\"wp-post-image wp-image-129\" title=\"quienes-somos\" alt=\"quienes-somos\" srcset=\"https:\/\/madereriamatrisa.com\/wp-content\/uploads\/2024\/11\/quienes-somos.jpg 445w, https:\/\/madereriamatrisa.com\/wp-content\/uploads\/2024\/11\/quienes-somos-300x270.jpg 300w\" sizes=\"auto, (max-width: 445px) 100vw, 445px\" \/>    \n        <\/div>\n    <!-- \/image-wrap -->\n    \n        <\/div>\n<!-- \/module image -->        <\/div>\n                    <div  data-lazy=\"1\" class=\"module_column tb-column col4-2 tb_yx5a879 last\">\n                    <!-- module text -->\n<div  class=\"module module-text tb_uabu583   \" data-lazy=\"1\">\n        <div  class=\"tb_text_wrap\">\n        <p>Misi\u00f3n<\/p>\n<p>Establecer madererias que cuenten con gran variedad de productos de calidad. Existencias \u00f3ptimas perfectamente ordenadas, entrgas puntuales a domicilio adem\u00e1s de tener un equipo de personal comprometido con la satisfaccion total de nuestros clientes del ramo de la construcci\u00f3n y la carpinter\u00eda.<\/p>    <\/div>\n<\/div>\n<!-- \/module text --><!-- module text -->\n<div  class=\"module module-text tb_qdm9883   \" data-lazy=\"1\">\n        <div  class=\"tb_text_wrap\">\n        <p>Visi\u00f3n<\/p>\n<p>Ser la empresa No.1 en la comercializaci\u00f3n de productos forestales en Chiapas, distingui\u00e9ndonos por calidad, servicio y personal capacitado, satisfaciendo las necesidades de nuestros clientes en el ramo de la construcci\u00f3n y carpinter\u00eda. As\u00ed como buscar el bienestar de nuestro recurso humano y medio ambiente.<\/p>    <\/div>\n<\/div>\n<!-- \/module text -->        <\/div>\n                        <\/div>\n        <\/div>\n                        <div  data-lazy=\"1\" class=\"module_row themify_builder_row tb_2xec191 tf_w\">\n                        <div class=\"row_inner col_align_top tb_col_count_1 tf_box tf_rel\">\n                        <div  data-lazy=\"1\" class=\"module_column tb-column col-full tb_rane192 first\">\n                    <!-- module text -->\n<div  class=\"module module-text tb_1cpn394   \" data-lazy=\"1\">\n        <div  class=\"tb_text_wrap\">\n        <h2>\nSi vas a construir no dudes en contactarnos<br \/>\n<\/h2>\n    <\/div>\n<\/div>\n<!-- \/module text -->        <\/div>\n                        <\/div>\n        <\/div>\n        <\/div>\n<!--\/themify_builder_content-->","protected":false},"excerpt":{"rendered":"<p>\u00bfQui\u00e9nes somos?<\/p>\n","protected":false},"author":1,"featured_media":0,"parent":0,"menu_order":0,"comment_status":"closed","ping_status":"closed","template":"","meta":{"footnotes":""},"class_list":["post-23","page","type-page","status-publish","hentry","has-post-title","has-post-date","has-post-category","has-post-tag","has-post-comment","has-post-author",""],"builder_content":"<h1>\u00bfQui\u00e9nes somos?<\/h1>\n<img src=\"https:\/\/madereriamatrisa.com\/wp-content\/uploads\/2024\/11\/quienes-somos.jpg\" title=\"quienes-somos\" alt=\"quienes-somos\" srcset=\"https:\/\/madereriamatrisa.com\/wp-content\/uploads\/2024\/11\/quienes-somos.jpg 445w, https:\/\/madereriamatrisa.com\/wp-content\/uploads\/2024\/11\/quienes-somos-300x270.jpg 300w\" sizes=\"(max-width: 445px) 100vw, 445px\" \/>\n<p>Misi\u00f3n<\/p> <p>Establecer madererias que cuenten con gran variedad de productos de calidad. Existencias \u00f3ptimas perfectamente ordenadas, entrgas puntuales a domicilio adem\u00e1s de tener un equipo de personal comprometido con la satisfaccion total de nuestros clientes del ramo de la construcci\u00f3n y la carpinter\u00eda.<\/p>\n<p>Visi\u00f3n<\/p> <p>Ser la empresa No.1 en la comercializaci\u00f3n de productos forestales en Chiapas, distingui\u00e9ndonos por calidad, servicio y personal capacitado, satisfaciendo las necesidades de nuestros clientes en el ramo de la construcci\u00f3n y carpinter\u00eda. As\u00ed como buscar el bienestar de nuestro recurso humano y medio ambiente.<\/p>\n<h2> Si vas a construir no dudes en contactarnos<br \/> <\/h2>","_links":{"self":[{"href":"https:\/\/madereriamatrisa.com\/index.php\/wp-json\/wp\/v2\/pages\/23","targetHints":{"allow":["GET"]}}],"collection":[{"href":"https:\/\/madereriamatrisa.com\/index.php\/wp-json\/wp\/v2\/pages"}],"about":[{"href":"https:\/\/madereriamatrisa.com\/index.php\/wp-json\/wp\/v2\/types\/page"}],"author":[{"embeddable":true,"href":"https:\/\/madereriamatrisa.com\/index.php\/wp-json\/wp\/v2\/users\/1"}],"replies":[{"embeddable":true,"href":"https:\/\/madereriamatrisa.com\/index.php\/wp-json\/wp\/v2\/comments?post=23"}],"version-history":[{"count":20,"href":"https:\/\/madereriamatrisa.com\/index.php\/wp-json\/wp\/v2\/pages\/23\/revisions"}],"predecessor-version":[{"id":303,"href":"https:\/\/madereriamatrisa.com\/index.php\/wp-json\/wp\/v2\/pages\/23\/revisions\/303"}],"wp:attachment":[{"href":"https:\/\/madereriamatrisa.com\/index.php\/wp-json\/wp\/v2\/media?parent=23"}],"curies":[{"name":"wp","href":"https:\/\/api.w.org\/{rel}","templated":true}]}}